{"id":3851,"date":"2019-01-08T17:54:54","date_gmt":"2019-01-08T17:54:54","guid":{"rendered":"http:\/\/congres2019.societate-diabet.ro\/accommodation\/"},"modified":"2023-02-27T16:25:02","modified_gmt":"2023-02-27T14:25:02","slug":"accommodation","status":"publish","type":"page","link":"https:\/\/congres2023.societate-diabet.ro\/en\/accommodation\/","title":{"rendered":"Accommodation"},"content":{"rendered":"<p>The attendees who want to book a hotel room have the possibility to do so through S\u0103n\u0103tatea Press Group, the company that provides the event management.<\/p>\n<p>For room prices and availability, please contact S\u0103n\u0103tatea Press Group, by email:\u00a0<strong><a href=\"mailto:cazari@sanatateapress.ro\">cazari@sanatateapress.ro<\/a>.<\/strong><\/p>\n<p>Afterwards you will be contacted by a company representative, who will asisst you with room booking and payment.<\/p>\n<p><span style=\"color: #ff0000;\"><strong>Booking must be made by May 8, 2023, the latest.<\/strong> <\/span>After that date, accomodation availability is no longer guaranteed.<\/p>\n<p><strong>Congress official hotels:<\/strong><br \/>\nHotel Alpin 4*<br \/>\nAna Hotels Sport si Bradul 4*<br \/>\nHotel \u00cemp\u0103ratul Romanilor 4*<br \/>\nHote Piatra Mare 4*<br \/>\nHotel Escalade 4* \u0219i 3*<br \/>\nHotel Rizzo 4*<\/p>\n","protected":false},"excerpt":{"rendered":"<p>The attendees who want to book a hotel room have the possibility to do so through S\u0103n\u0103tatea Press Group, the company that provides the event management. For room prices and availability, please contact S\u0103n\u0103tatea Press Group, by email:\u00a0cazari@sanatateapress.ro. Afterwards you will be contacted by a company representative, who will asisst you with room booking and [&hellip;]<\/p>\n","protected":false},"author":1,"featured_media":0,"parent":0,"menu_order":-120,"comment_status":"closed","ping_status":"closed","template":"","meta":[],"_links":{"self":[{"href":"https:\/\/congres2023.societate-diabet.ro\/en\/wp-json\/wp\/v2\/pages\/3851\/"}],"collection":[{"href":"https:\/\/congres2023.societate-diabet.ro\/en\/wp-json\/wp\/v2\/pages\/"}],"about":[{"href":"https:\/\/congres2023.societate-diabet.ro\/en\/wp-json\/wp\/v2\/types\/page\/"}],"author":[{"embeddable":true,"href":"https:\/\/congres2023.societate-diabet.ro\/en\/wp-json\/wp\/v2\/users\/1\/"}],"replies":[{"embeddable":true,"href":"https:\/\/congres2023.societate-diabet.ro\/en\/wp-json\/wp\/v2\/comments\/?post=3851"}],"version-history":[{"count":2,"href":"https:\/\/congres2023.societate-diabet.ro\/en\/wp-json\/wp\/v2\/pages\/3851\/revisions\/"}],"predecessor-version":[{"id":6674,"href":"https:\/\/congres2023.societate-diabet.ro\/en\/wp-json\/wp\/v2\/pages\/3851\/revisions\/6674\/"}],"wp:attachment":[{"href":"https:\/\/congres2023.societate-diabet.ro\/en\/wp-json\/wp\/v2\/media\/?parent=3851"}],"curies":[{"name":"wp","href":"https:\/\/api.w.org\/{rel}","templated":true}]}}